{"id":65,"date":"2022-05-12T08:13:26","date_gmt":"2022-05-12T07:13:26","guid":{"rendered":"https:\/\/www.envirtual.net\/tienda\/?page_id=65"},"modified":"2026-01-29T12:22:39","modified_gmt":"2026-01-29T11:22:39","slug":"inicio","status":"publish","type":"page","link":"https:\/\/www.envirtual.net\/tienda\/","title":{"rendered":""},"content":{"rendered":"\n<figure class=\"wp-block-table\"><table class=\"has-fixed-layout\"><tbody><tr><td class=\"has-text-align-center\" data-align=\"center\"><br><a href=\"https:\/\/www.envirtual.net\/tienda\/hardware\/\"><img loading=\"lazy\" width=\"111\" height=\"111\" class=\"wp-image-27\" src=\"https:\/\/www.envirtual.net\/tienda\/wp-content\/uploads\/2022\/05\/icon-1.png\" alt=\"\" srcset=\"https:\/\/www.envirtual.net\/tienda\/wp-content\/uploads\/2022\/05\/icon-1.png 111w, https:\/\/www.envirtual.net\/tienda\/wp-content\/uploads\/2022\/05\/icon-1-100x100.png 100w, https:\/\/www.envirtual.net\/tienda\/wp-content\/uploads\/2022\/05\/icon-1-70x70.png 70w\" sizes=\"(max-width: 111px) 100vw, 111px\" \/><\/a><br>Hardware empresarial<br><\/td><td class=\"has-text-align-center\" data-align=\"center\"><br><a href=\"https:\/\/www.envirtual.net\/tienda\/categoria-producto\/software-empresarial\/\"><img class=\"wp-image-27\" src=\"https:\/\/www.envirtual.net\/tienda\/wp-content\/uploads\/2022\/07\/icon-16.png\" alt=\"\"><\/a><br>Software empresarial<br><\/td><td class=\"has-text-align-center\" data-align=\"center\"><br><a href=\"https:\/\/www.envirtual.net\/tienda\/categoria-producto\/dominios\/\"><img class=\"wp-image-27\" src=\"https:\/\/www.envirtual.net\/tienda\/wp-content\/uploads\/2023\/03\/icon-15.png\" alt=\"\"><\/a><br>Dominios &amp; Hosting<br><\/td><\/tr><tr><td class=\"has-text-align-center\" data-align=\"center\"><br><a href=\"https:\/\/www.envirtual.net\/tienda\/categoria-producto\/tiendas-virtuales\/\"><img class=\"wp-image-27\" src=\"https:\/\/www.envirtual.net\/tienda\/wp-content\/uploads\/2022\/05\/icon-8.png\" alt=\"\"><\/a><br>Tiendas virtuales<br><\/td><td class=\"has-text-align-center\" data-align=\"center\"><br><a href=\"https:\/\/www.envirtual.net\/tienda\/categoria-producto\/diseno-web\/\"><img class=\"wp-image-27\" src=\"https:\/\/www.envirtual.net\/tienda\/wp-content\/uploads\/2022\/05\/icon-5.png\" alt=\"\"><\/a><br>Dise\u00f1o p\u00e1ginas web<br><\/td><td class=\"has-text-align-center\" data-align=\"center\"><br><a href=\"https:\/\/www.envirtual.net\/tienda\/categoria-producto\/control-horario-laboral\/\"><img class=\"wp-image-27\" src=\"https:\/\/www.envirtual.net\/tienda\/wp-content\/uploads\/2022\/05\/icon-10.png\" alt=\"\"><\/a><br>Horarios Laborales<br><\/td><\/tr><tr><td class=\"has-text-align-center\" data-align=\"center\"><br><a href=\"https:\/\/www.envirtual.net\/tienda\/categoria-producto\/software-empresarial\/saas\/\"><img class=\"wp-image-27\" src=\"https:\/\/www.envirtual.net\/tienda\/wp-content\/uploads\/2022\/05\/icon-13.png\" alt=\"\"><\/a><br>SaaS<br><\/td><td class=\"has-text-align-center\" data-align=\"center\"><br><a href=\"https:\/\/www.envirtual.net\/tienda\/categoria-producto\/nubes-privadas\/\"><img class=\"wp-image-27\" src=\"https:\/\/www.envirtual.net\/tienda\/wp-content\/uploads\/2022\/05\/icon-4.png\" alt=\"\"><\/a><br>Nubes privadas<br><\/td><td class=\"has-text-align-center\" data-align=\"center\"><br><a href=\"https:\/\/www.envirtual.net\/tienda\/programacion\/\" rel=\"noopener\"><img class=\"wp-image-27\" src=\"https:\/\/www.envirtual.net\/tienda\/wp-content\/uploads\/2023\/03\/icon-16.png\" alt=\"\"><\/a><br>Programaci\u00f3n<br><\/td><\/tr><\/tbody><\/table><\/figure>\n","protected":false},"excerpt":{"rendered":"<p>Hardware empresarial Software empresarial Dominios &amp; Hosting Tiendas virtuales Dise\u00f1o p\u00e1ginas web Horarios Laborales SaaS Nubes privadas Programaci\u00f3n<\/p>\n","protected":false},"author":1,"featured_media":0,"parent":0,"menu_order":0,"comment_status":"closed","ping_status":"closed","template":"","meta":[],"_links":{"self":[{"href":"https:\/\/www.envirtual.net\/tienda\/wp-json\/wp\/v2\/pages\/65"}],"collection":[{"href":"https:\/\/www.envirtual.net\/tienda\/wp-json\/wp\/v2\/pages"}],"about":[{"href":"https:\/\/www.envirtual.net\/tienda\/wp-json\/wp\/v2\/types\/page"}],"author":[{"embeddable":true,"href":"https:\/\/www.envirtual.net\/tienda\/wp-json\/wp\/v2\/users\/1"}],"replies":[{"embeddable":true,"href":"https:\/\/www.envirtual.net\/tienda\/wp-json\/wp\/v2\/comments?post=65"}],"version-history":[{"count":53,"href":"https:\/\/www.envirtual.net\/tienda\/wp-json\/wp\/v2\/pages\/65\/revisions"}],"predecessor-version":[{"id":1094,"href":"https:\/\/www.envirtual.net\/tienda\/wp-json\/wp\/v2\/pages\/65\/revisions\/1094"}],"wp:attachment":[{"href":"https:\/\/www.envirtual.net\/tienda\/wp-json\/wp\/v2\/media?parent=65"}],"curies":[{"name":"wp","href":"https:\/\/api.w.org\/{rel}","templated":true}]}}