{"id":1023,"date":"2026-01-09T13:21:31","date_gmt":"2026-01-09T12:21:31","guid":{"rendered":"https:\/\/www.envirtual.net\/tienda\/?post_type=product&#038;p=1023"},"modified":"2026-05-06T09:07:35","modified_gmt":"2026-05-06T07:07:35","slug":"combo-teclado-raton-logitech-mk120-usb-negro","status":"publish","type":"product","link":"https:\/\/www.envirtual.net\/tienda\/producto\/combo-teclado-raton-logitech-mk120-usb-negro\/","title":{"rendered":"COMBO TECLADO RATON GIGABYTE KM6300 NEGRO USB"},"content":{"rendered":"<ul class=\"rp-description-bullets-list\">\n<li>USB Interruptor de membrana<\/li>\n<li>QWERTY Espa\u00f1ol<\/li>\n<li>Completo (100%) Teclado num\u00e9rico<\/li>\n<li>Teclas de Windows Altura de teclado ajustable<\/li>\n<li>Rat\u00f3n incluido<\/li>\n<li>Negro<\/li>\n<li>2 pieza(s)<\/li>\n<\/ul>\n<p>GIGABYTE KM6300. Formato del teclado: Completo (100%). Estilo de teclado: Derecho. Tecnolog\u00eda de conectividad: Al\u00e1mbrico, Interfaz del dispositivo: USB, Interruptor del teclado: Interruptor de membrana, Dise\u00f1o de teclado: QWERTY. Longitud de cable: 1,5 m. Uso recomendado: Hogar. Color del producto: Negro. Rat\u00f3n incluido<\/p>\n<p>&nbsp;<\/p>\n","protected":false},"excerpt":{"rendered":"<div class=\"col-12 rp-description mt-5 col-lg-12\">\n<div class=\"rp-description-content-short\">GIGABYTE KM6300, Al\u00e1mbrico, USB, Interruptor de membrana, QWERTY, Negro, Rat\u00f3n incluid<\/div>\n<\/div>\n","protected":false},"featured_media":1169,"comment_status":"open","ping_status":"closed","template":"","meta":[],"product_cat":[78,83,85],"product_tag":[],"_links":{"self":[{"href":"https:\/\/www.envirtual.net\/tienda\/wp-json\/wp\/v2\/product\/1023"}],"collection":[{"href":"https:\/\/www.envirtual.net\/tienda\/wp-json\/wp\/v2\/product"}],"about":[{"href":"https:\/\/www.envirtual.net\/tienda\/wp-json\/wp\/v2\/types\/product"}],"replies":[{"embeddable":true,"href":"https:\/\/www.envirtual.net\/tienda\/wp-json\/wp\/v2\/comments?post=1023"}],"wp:featuredmedia":[{"embeddable":true,"href":"https:\/\/www.envirtual.net\/tienda\/wp-json\/wp\/v2\/media\/1169"}],"wp:attachment":[{"href":"https:\/\/www.envirtual.net\/tienda\/wp-json\/wp\/v2\/media?parent=1023"}],"wp:term":[{"taxonomy":"product_cat","embeddable":true,"href":"https:\/\/www.envirtual.net\/tienda\/wp-json\/wp\/v2\/product_cat?post=1023"},{"taxonomy":"product_tag","embeddable":true,"href":"https:\/\/www.envirtual.net\/tienda\/wp-json\/wp\/v2\/product_tag?post=1023"}],"curies":[{"name":"wp","href":"https:\/\/api.w.org\/{rel}","templated":true}]}}